{"id":8791,"date":"2023-05-08T09:52:43","date_gmt":"2023-05-08T07:52:43","guid":{"rendered":"https:\/\/mecoam.com\/servicios\/"},"modified":"2023-05-08T09:52:45","modified_gmt":"2023-05-08T07:52:45","slug":"servicios","status":"publish","type":"page","link":"https:\/\/mecoam.com\/es\/servicios\/","title":{"rendered":"Servicios"},"content":{"rendered":"\t\t<div data-elementor-type=\"wp-page\" data-elementor-id=\"8791\" class=\"elementor elementor-8791 elementor-8759\" data-elementor-post-type=\"page\">\n\t\t\t\t\t\t<section class=\"elementor-section elementor-top-section elementor-element elementor-element-53e38ea v-showcase elementor-section-boxed elementor-section-height-default elementor-section-height-default\" data-id=\"53e38ea\" data-element_type=\"section\" data-e-type=\"section\">\n\t\t\t\t\t\t\t<div class=\"elementor-background-overlay\"><\/div>\n\t\t\t\t\t\t\t<div class=\"elementor-container elementor-column-gap-default\">\n\t\t\t\t\t<div class=\"elementor-column elementor-col-100 elementor-top-column elementor-element elementor-element-7d88f36\" data-id=\"7d88f36\" data-element_type=\"column\" data-e-type=\"column\">\n\t\t\t<div class=\"elementor-widget-wrap\">\n\t\t\t\t\t\t\t<\/div>\n\t\t<\/div>\n\t\t\t\t\t<\/div>\n\t\t<\/section>\n\t\t\t\t<section class=\"elementor-section elementor-top-section elementor-element elementor-element-901d889 elementor-section-boxed elementor-section-height-default elementor-section-height-default\" data-id=\"901d889\" data-element_type=\"section\" data-e-type=\"section\">\n\t\t\t\t\t\t<div class=\"elementor-container elementor-column-gap-default\">\n\t\t\t\t\t<div class=\"elementor-column elementor-col-50 elementor-top-column elementor-element elementor-element-410f47e\" data-id=\"410f47e\" data-element_type=\"column\" data-e-type=\"column\">\n\t\t\t<div class=\"elementor-widget-wrap elementor-element-populated\">\n\t\t\t\t\t\t<div class=\"elementor-element elementor-element-5af1683 v-bread-section elementor-widget elementor-widget-heading\" data-id=\"5af1683\" data-element_type=\"widget\" data-e-type=\"widget\" data-widget_type=\"heading.default\">\n\t\t\t\t<div class=\"elementor-widget-container\">\n\t\t\t\t\t<h2 class=\"elementor-heading-title elementor-size-default\"><h2 align=\"center\" style=\"font-family: var(--font-title);white-space: normal;text-align: left\"><span style=\"color: var(--e-global-color-a7d8cf0);font-family: var(--font-title);font-size: 1.06em;white-space: pre-wrap;background-color: var(--e-global-color-eeeca99)\">NUESTROS SERVICIOS<\/span><span style=\"color: var(--e-global-color-a7d8cf0);font-family: var(--font-title);white-space: pre-wrap;font-size: 1.06em;background-color: var(--e-global-color-eeeca99)\"><\/span><br><\/h2><\/h2>\t\t\t\t<\/div>\n\t\t\t\t<\/div>\n\t\t\t\t<div class=\"elementor-element elementor-element-e07cabc elementor-widget elementor-widget-text-editor\" data-id=\"e07cabc\" data-element_type=\"widget\" data-e-type=\"widget\" data-widget_type=\"text-editor.default\">\n\t\t\t\t<div class=\"elementor-widget-container\">\n\t\t\t\t\t\t\t\t\t<p><span lang=\"CA\" style=\"font-size: 12pt; line-height: 19.2px;\">Contamos con la disposici\u00f3n total de los medios e instalaciones de nuestros dos accionistas, que nos brindan la posibilidad de ofrecer un servicio integral a nuestros clientes:<\/span><\/p>\n<p style=\"text-indent: 0cm;\"><span lang=\"CA\" style=\"font-size: 12pt; line-height: 19.2px; font-family: Wingdings;\">\u00fc<span style=\"font-variant-numeric: normal; font-variant-east-asian: normal; font-variant-alternates: normal; font-kerning: auto; font-optical-sizing: auto; font-feature-settings: normal; font-variation-settings: normal; font-stretch: normal; font-size: 7pt; line-height: normal; font-family: 'Times New Roman';\"> <\/span><\/span><span lang=\"CA\" style=\"font-size: 12pt; line-height: 19.2px;\">Dep\u00f3sito Controlado de Residuos Peligrosos Clase III<\/span><\/p>\n<p style=\"text-indent: 0cm;\"><span lang=\"CA\" style=\"font-size: 12pt; line-height: 19.2px; font-family: Wingdings;\">\u00fc<span style=\"font-variant-numeric: normal; font-variant-east-asian: normal; font-variant-alternates: normal; font-kerning: auto; font-optical-sizing: auto; font-feature-settings: normal; font-variation-settings: normal; font-stretch: normal; font-size: 7pt; line-height: normal; font-family: 'Times New Roman';\"> <\/span><\/span><span lang=\"CA\" style=\"font-size: 12pt; line-height: 19.2px;\">Dep\u00f3sito Controlado de Residuos No Peligrosos Clase II<\/span><\/p>\n<p style=\"text-indent: 0cm;\"><span lang=\"CA\" style=\"font-size: 12pt; line-height: 19.2px; font-family: Wingdings;\">\u00fc<span style=\"font-variant-numeric: normal; font-variant-east-asian: normal; font-variant-alternates: normal; font-kerning: auto; font-optical-sizing: auto; font-feature-settings: normal; font-variation-settings: normal; font-stretch: normal; font-size: 7pt; line-height: normal; font-family: 'Times New Roman';\"> <\/span><\/span><span lang=\"CA\" style=\"font-size: 12pt; line-height: 19.2px;\">Plantas de Tratamiento f\u00edsico-qu\u00edmico, estabilizaci\u00f3n, recuperaci\u00f3n de hidrocarburos.<\/span><\/p>\n<p style=\"text-indent: 0cm;\"><span lang=\"CA\" style=\"font-size: 12pt; line-height: 19.2px; font-family: Wingdings;\">\u00fc<span style=\"font-variant-numeric: normal; font-variant-east-asian: normal; font-variant-alternates: normal; font-kerning: auto; font-optical-sizing: auto; font-feature-settings: normal; font-variation-settings: normal; font-stretch: normal; font-size: 7pt; line-height: normal; font-family: 'Times New Roman';\"> <\/span><\/span><span lang=\"CA\" style=\"font-size: 12pt; line-height: 19.2px;\">Plantas de Recogida y Transferencia (CRT)<\/span><\/p>\n<p style=\"text-indent: 0cm;\"><span lang=\"CA\" style=\"font-size: 12pt; line-height: 19.2px; font-family: Wingdings;\">\u00fc<span style=\"font-variant-numeric: normal; font-variant-east-asian: normal; font-variant-alternates: normal; font-kerning: auto; font-optical-sizing: auto; font-feature-settings: normal; font-variation-settings: normal; font-stretch: normal; font-size: 7pt; line-height: normal; font-family: 'Times New Roman';\"> <\/span><\/span><span lang=\"CA\" style=\"font-size: 12pt; line-height: 19.2px;\">Plantas de compostaje<\/span><\/p>\n<p style=\"text-indent: 0cm;\"><span lang=\"CA\" style=\"font-size: 12pt; line-height: 19.2px; font-family: Wingdings;\">\u00fc<span style=\"font-variant-numeric: normal; font-variant-east-asian: normal; font-variant-alternates: normal; font-kerning: auto; font-optical-sizing: auto; font-feature-settings: normal; font-variation-settings: normal; font-stretch: normal; font-size: 7pt; line-height: normal; font-family: 'Times New Roman';\"> <\/span><\/span><span lang=\"CA\" style=\"font-size: 12pt; line-height: 19.2px;\">Recuperaci\u00f3n de disolventes<\/span><\/p>\n\t\t\t\t\t\t\t\t<\/div>\n\t\t\t\t<\/div>\n\t\t\t\t\t<\/div>\n\t\t<\/div>\n\t\t\t\t<div class=\"elementor-column elementor-col-50 elementor-top-column elementor-element elementor-element-19cd496\" data-id=\"19cd496\" data-element_type=\"column\" data-e-type=\"column\">\n\t\t\t<div class=\"elementor-widget-wrap elementor-element-populated\">\n\t\t\t\t\t\t<div class=\"elementor-element elementor-element-1407067 elementor-widget elementor-widget-image\" data-id=\"1407067\" data-element_type=\"widget\" data-e-type=\"widget\" data-widget_type=\"image.default\">\n\t\t\t\t<div class=\"elementor-widget-container\">\n\t\t\t\t\t\t\t\t\t\t\t\t\t\t\t<img fetchpriority=\"high\" decoding=\"async\" width=\"800\" height=\"530\" src=\"https:\/\/mecoam.com\/wp-content\/uploads\/Captura-de-pantalla-2023-05-05-152737-1024x678.jpg\" class=\"attachment-large size-large wp-image-8784\" alt=\"\" srcset=\"https:\/\/mecoam.com\/wp-content\/uploads\/Captura-de-pantalla-2023-05-05-152737-1024x678.jpg 1024w, https:\/\/mecoam.com\/wp-content\/uploads\/Captura-de-pantalla-2023-05-05-152737-420x278.jpg 420w, https:\/\/mecoam.com\/wp-content\/uploads\/Captura-de-pantalla-2023-05-05-152737-768x508.jpg 768w, https:\/\/mecoam.com\/wp-content\/uploads\/Captura-de-pantalla-2023-05-05-152737.jpg 1491w\" sizes=\"(max-width: 800px) 100vw, 800px\" \/>\t\t\t\t\t\t\t\t\t\t\t\t\t\t\t<\/div>\n\t\t\t\t<\/div>\n\t\t\t\t\t<\/div>\n\t\t<\/div>\n\t\t\t\t\t<\/div>\n\t\t<\/section>\n\t\t\t\t<section class=\"elementor-section elementor-top-section elementor-element elementor-element-d1598dd elementor-section-boxed elementor-section-height-default elementor-section-height-default\" data-id=\"d1598dd\" data-element_type=\"section\" data-e-type=\"section\">\n\t\t\t\t\t\t<div class=\"elementor-container elementor-column-gap-default\">\n\t\t\t\t\t<div class=\"elementor-column elementor-col-50 elementor-top-column elementor-element elementor-element-7ab0c3f\" data-id=\"7ab0c3f\" data-element_type=\"column\" data-e-type=\"column\">\n\t\t\t<div class=\"elementor-widget-wrap elementor-element-populated\">\n\t\t\t\t\t\t<div class=\"elementor-element elementor-element-7ca891a elementor-widget elementor-widget-spacer\" data-id=\"7ca891a\" data-element_type=\"widget\" data-e-type=\"widget\" data-widget_type=\"spacer.default\">\n\t\t\t\t<div class=\"elementor-widget-container\">\n\t\t\t\t\t\t\t<div class=\"elementor-spacer\">\n\t\t\t<div class=\"elementor-spacer-inner\"><\/div>\n\t\t<\/div>\n\t\t\t\t\t\t<\/div>\n\t\t\t\t<\/div>\n\t\t\t\t<div class=\"elementor-element elementor-element-9681ed2 v-bread-section elementor-widget elementor-widget-heading\" data-id=\"9681ed2\" data-element_type=\"widget\" data-e-type=\"widget\" data-widget_type=\"heading.default\">\n\t\t\t\t<div class=\"elementor-widget-container\">\n\t\t\t\t\t<h2 class=\"elementor-heading-title elementor-size-default\"><h2 align=\"center\" style=\"font-family: var(--font-title);white-space: normal;text-align: center\"><span style=\"color: var(--e-global-color-a7d8cf0);font-family: var(--font-title);font-size: 1.06em;white-space: pre-wrap;background-color: var(--e-global-color-eeeca99)\">GESTI\u00d3N DE RESIDUOS<\/span><span style=\"color: var(--e-global-color-a7d8cf0);font-family: var(--font-title);white-space: pre-wrap;font-size: 1.06em;background-color: var(--e-global-color-eeeca99)\"><\/span><br><\/h2><\/h2>\t\t\t\t<\/div>\n\t\t\t\t<\/div>\n\t\t\t\t<div class=\"elementor-element elementor-element-325dedb elementor-widget elementor-widget-spacer\" data-id=\"325dedb\" data-element_type=\"widget\" data-e-type=\"widget\" data-widget_type=\"spacer.default\">\n\t\t\t\t<div class=\"elementor-widget-container\">\n\t\t\t\t\t\t\t<div class=\"elementor-spacer\">\n\t\t\t<div class=\"elementor-spacer-inner\"><\/div>\n\t\t<\/div>\n\t\t\t\t\t\t<\/div>\n\t\t\t\t<\/div>\n\t\t\t\t<div class=\"elementor-element elementor-element-b812204 elementor-widget elementor-widget-text-editor\" data-id=\"b812204\" data-element_type=\"widget\" data-e-type=\"widget\" data-widget_type=\"text-editor.default\">\n\t\t\t\t<div class=\"elementor-widget-container\">\n\t\t\t\t\t\t\t\t\t<p style=\"font-weight: 400;\"><b><strong><u>Asesor\u00eda ambiental<\/u><\/strong><\/b>: estudio de minimizaci\u00f3n de Residuos y mejora en la gesti\u00f3n ambiental Soluciones individuales a problemas ambientales<\/p>\n<p style=\"font-weight: 400;\"><b><strong><u>Valorizaci\u00f3n de Residuos<\/u><\/strong><\/b>: Valorizaci\u00f3n Material (Residuos org\u00e1nicos para agricultura, partidas de productos y materias primas fuera de especificaciones, metales, materias pl\u00e1sticas, otros), recuperaci\u00f3n de disolventes y Valorizaci\u00f3n Energ\u00e9tica (waste to energy).<\/p>\n<p style=\"font-weight: 400;\"><b><strong><u>Tratamiento y eliminaci\u00f3n<\/u><\/strong><\/b><b><strong> de Residuos en instalaciones autorizadas.<\/strong><\/b><\/p>\n<p style=\"font-weight: 400;\"><b><strong><u>Operaciones Especiales<\/u><\/strong><\/b>:An\u00e1lisis e identificaci\u00f3n de Residuos. Ejecuci\u00f3n de tareas de muestreo, identificaci\u00f3n, clasificaci\u00f3n, acondicionamiento y gesti\u00f3n final de residuos abandonados y almacenes incontrolados<\/p>\n<p style=\"font-weight: 400;\"><b><strong><u>Gesti\u00f3n de lotes y partidas de materias primas y productos fuera de especificaciones<\/u><\/strong><\/b>.<\/p>\n<p style=\"font-weight: 400;\"><b><strong><u>Destrucci\u00f3n confidencial<\/u><\/strong><\/b><u> controlada certificada.<\/u><\/p>\n<p style=\"font-weight: 400;\"><b><strong><u>Gestiones integrales:<\/u><\/strong><\/b><u> \u00fanico interlocutor por la gesti\u00f3n de los residuos industriales.<\/u><\/p>\n\t\t\t\t\t\t\t\t<\/div>\n\t\t\t\t<\/div>\n\t\t\t\t<div class=\"elementor-element elementor-element-574a8d6 elementor-widget elementor-widget-spacer\" data-id=\"574a8d6\" data-element_type=\"widget\" data-e-type=\"widget\" data-widget_type=\"spacer.default\">\n\t\t\t\t<div class=\"elementor-widget-container\">\n\t\t\t\t\t\t\t<div class=\"elementor-spacer\">\n\t\t\t<div class=\"elementor-spacer-inner\"><\/div>\n\t\t<\/div>\n\t\t\t\t\t\t<\/div>\n\t\t\t\t<\/div>\n\t\t\t\t\t<\/div>\n\t\t<\/div>\n\t\t\t\t<div class=\"elementor-column elementor-col-50 elementor-top-column elementor-element elementor-element-70949f3\" data-id=\"70949f3\" data-element_type=\"column\" data-e-type=\"column\">\n\t\t\t<div class=\"elementor-widget-wrap elementor-element-populated\">\n\t\t\t\t\t\t<div class=\"elementor-element elementor-element-d185c5e elementor-widget elementor-widget-spacer\" data-id=\"d185c5e\" data-element_type=\"widget\" data-e-type=\"widget\" data-widget_type=\"spacer.default\">\n\t\t\t\t<div class=\"elementor-widget-container\">\n\t\t\t\t\t\t\t<div class=\"elementor-spacer\">\n\t\t\t<div class=\"elementor-spacer-inner\"><\/div>\n\t\t<\/div>\n\t\t\t\t\t\t<\/div>\n\t\t\t\t<\/div>\n\t\t\t\t<div class=\"elementor-element elementor-element-c2a928c v-bread-section elementor-widget elementor-widget-heading\" data-id=\"c2a928c\" data-element_type=\"widget\" data-e-type=\"widget\" data-widget_type=\"heading.default\">\n\t\t\t\t<div class=\"elementor-widget-container\">\n\t\t\t\t\t<h2 class=\"elementor-heading-title elementor-size-default\"><h2 align=\"center\" style=\"font-family: var(--font-title);white-space: normal;text-align: center\"><span style=\"color: var(--e-global-color-a7d8cf0);font-family: var(--font-title);font-size: 1.06em;white-space: pre-wrap;background-color: var(--e-global-color-eeeca99)\">GESTI\u00d3 D\u2019 INSTAL\u00b7LACIONS I S\u00d2LS CONTAMINATS<\/span><span style=\"color: var(--e-global-color-a7d8cf0);font-family: var(--font-title);white-space: pre-wrap;font-size: 1.06em;background-color: var(--e-global-color-eeeca99)\"><\/span><br><\/h2><\/h2>\t\t\t\t<\/div>\n\t\t\t\t<\/div>\n\t\t\t\t<div class=\"elementor-element elementor-element-0abb443 elementor-widget elementor-widget-spacer\" data-id=\"0abb443\" data-element_type=\"widget\" data-e-type=\"widget\" data-widget_type=\"spacer.default\">\n\t\t\t\t<div class=\"elementor-widget-container\">\n\t\t\t\t\t\t\t<div class=\"elementor-spacer\">\n\t\t\t<div class=\"elementor-spacer-inner\"><\/div>\n\t\t<\/div>\n\t\t\t\t\t\t<\/div>\n\t\t\t\t<\/div>\n\t\t\t\t<div class=\"elementor-element elementor-element-012a9d9 elementor-widget__width-initial elementor-widget elementor-widget-text-editor\" data-id=\"012a9d9\" data-element_type=\"widget\" data-e-type=\"widget\" data-widget_type=\"text-editor.default\">\n\t\t\t\t<div class=\"elementor-widget-container\">\n\t\t\t\t\t\t\t\t\t<p style=\"font-weight: 400;\"><b><strong><u>Contaminaci\u00f3n del sol<\/u><\/strong><\/b>: Avaluaci\u00f3n d\u2019emplazamiento contaminaos. Diagn\u00f3stico de la calidad del suelo. Estudios hidrogeol\u00f3gicos. An\u00e1lisis de riesgo. Valorizaci\u00f3n econ\u00f3mica de pasivos ambientales. Estudios y alternativas de recuperaci\u00f3n y\/o tratamiento de suelos y acu\u00edferos.<\/p>\n<p style=\"font-weight: 400;\"><b><strong><u>Proyectos y ejecuci\u00f3n de obras de descontaminaci\u00f3n<\/u><\/strong><\/b>: :Tratamiento y\/o gesti\u00f3n de lugares contaminados. Excavaci\u00f3n selectiva. Gesti\u00f3n de suelos contaminados.<\/p>\n<p style=\"font-weight: 400;\"><b><strong><u>Gesti\u00f3n de tanques y dep\u00f3sitos de combustible fuera de uso<\/u><\/strong><\/b>: extracci\u00f3n, limpieza, inertizaci\u00f3n y tratamiento de los residuos de hidrocarburos.<\/p>\n\t\t\t\t\t\t\t\t<\/div>\n\t\t\t\t<\/div>\n\t\t\t\t\t<\/div>\n\t\t<\/div>\n\t\t\t\t\t<\/div>\n\t\t<\/section>\n\t\t\t\t<\/div>\n\t\t","protected":false},"excerpt":{"rendered":"<p>NUESTROS SERVICIOS Contamos con la disposici\u00f3n total de los medios e instalaciones de nuestros dos accionistas, que nos brindan la posibilidad de ofrecer un servicio integral a nuestros clientes: \u00fc Dep\u00f3sito Controlado de Residuos Peligrosos Clase III \u00fc Dep\u00f3sito Controlado de Residuos No Peligrosos Clase II \u00fc Plantas de Tratamiento f\u00edsico-qu\u00edmico, estabilizaci\u00f3n, recuperaci\u00f3n de hidrocarburos. [&hellip;]<\/p>\n","protected":false},"author":3,"featured_media":0,"parent":0,"menu_order":0,"comment_status":"closed","ping_status":"closed","template":"","meta":{"footnotes":""},"class_list":["post-8791","page","type-page","status-publish","hentry"],"yoast_head":"<!-- This site is optimized with the Yoast SEO plugin v27.3 - https:\/\/yoast.com\/product\/yoast-seo-wordpress\/ -->\n<title>Servicios | MECOAM<\/title>\n<meta name=\"description\" content=\"NUESTROS SERVICIOS Contamos con la disposici\u00f3n total de los medios e instalaciones de nuestros dos accionistas, que nos brindan la posibilidad de ofrecer\" \/>\n<meta name=\"robots\" content=\"index, follow, max-snippet:-1, max-image-preview:large, max-video-preview:-1\" \/>\n<link rel=\"canonical\" href=\"https:\/\/mecoam.com\/es\/servicios\/\" \/>\n<meta property=\"og:locale\" content=\"es_ES\" \/>\n<meta property=\"og:type\" content=\"article\" \/>\n<meta property=\"og:title\" content=\"Servicios | MECOAM\" \/>\n<meta property=\"og:description\" content=\"NUESTROS SERVICIOS Contamos con la disposici\u00f3n total de los medios e instalaciones de nuestros dos accionistas, que nos brindan la posibilidad de ofrecer\" \/>\n<meta property=\"og:url\" content=\"https:\/\/mecoam.com\/es\/servicios\/\" \/>\n<meta property=\"og:site_name\" content=\"MECOAM\" \/>\n<meta property=\"article:modified_time\" content=\"2023-05-08T07:52:45+00:00\" \/>\n<meta property=\"og:image\" content=\"https:\/\/mecoam.com\/wp-content\/uploads\/Captura-de-pantalla-2023-05-05-152737-1024x678.jpg\" \/>\n<meta name=\"twitter:card\" content=\"summary_large_image\" \/>\n<meta name=\"twitter:label1\" content=\"Tiempo de lectura\" \/>\n\t<meta name=\"twitter:data1\" content=\"2 minutos\" \/>\n<script type=\"application\/ld+json\" class=\"yoast-schema-graph\">{\"@context\":\"https:\\\/\\\/schema.org\",\"@graph\":[{\"@type\":\"WebPage\",\"@id\":\"https:\\\/\\\/mecoam.com\\\/es\\\/servicios\\\/\",\"url\":\"https:\\\/\\\/mecoam.com\\\/es\\\/servicios\\\/\",\"name\":\"Servicios | MECOAM\",\"isPartOf\":{\"@id\":\"https:\\\/\\\/mecoam.com\\\/es\\\/#website\"},\"primaryImageOfPage\":{\"@id\":\"https:\\\/\\\/mecoam.com\\\/es\\\/servicios\\\/#primaryimage\"},\"image\":{\"@id\":\"https:\\\/\\\/mecoam.com\\\/es\\\/servicios\\\/#primaryimage\"},\"thumbnailUrl\":\"https:\\\/\\\/mecoam.com\\\/wp-content\\\/uploads\\\/Captura-de-pantalla-2023-05-05-152737-1024x678.jpg\",\"datePublished\":\"2023-05-08T07:52:43+00:00\",\"dateModified\":\"2023-05-08T07:52:45+00:00\",\"description\":\"NUESTROS SERVICIOS Contamos con la disposici\u00f3n total de los medios e instalaciones de nuestros dos accionistas, que nos brindan la posibilidad de ofrecer\",\"inLanguage\":\"es\",\"potentialAction\":[{\"@type\":\"ReadAction\",\"target\":[\"https:\\\/\\\/mecoam.com\\\/es\\\/servicios\\\/\"]}]},{\"@type\":\"ImageObject\",\"inLanguage\":\"es\",\"@id\":\"https:\\\/\\\/mecoam.com\\\/es\\\/servicios\\\/#primaryimage\",\"url\":\"https:\\\/\\\/mecoam.com\\\/wp-content\\\/uploads\\\/Captura-de-pantalla-2023-05-05-152737-1024x678.jpg\",\"contentUrl\":\"https:\\\/\\\/mecoam.com\\\/wp-content\\\/uploads\\\/Captura-de-pantalla-2023-05-05-152737-1024x678.jpg\"},{\"@type\":\"WebSite\",\"@id\":\"https:\\\/\\\/mecoam.com\\\/es\\\/#website\",\"url\":\"https:\\\/\\\/mecoam.com\\\/es\\\/\",\"name\":\"MECOAM\",\"description\":\"MEDIACIONES COMERCIALES AMBIENTALES\",\"publisher\":{\"@id\":\"https:\\\/\\\/mecoam.com\\\/es\\\/#organization\"},\"potentialAction\":[{\"@type\":\"SearchAction\",\"target\":{\"@type\":\"EntryPoint\",\"urlTemplate\":\"https:\\\/\\\/mecoam.com\\\/es\\\/?s={search_term_string}\"},\"query-input\":{\"@type\":\"PropertyValueSpecification\",\"valueRequired\":true,\"valueName\":\"search_term_string\"}}],\"inLanguage\":\"es\"},{\"@type\":\"Organization\",\"@id\":\"https:\\\/\\\/mecoam.com\\\/es\\\/#organization\",\"name\":\"MECOAM\",\"url\":\"https:\\\/\\\/mecoam.com\\\/es\\\/\",\"logo\":{\"@type\":\"ImageObject\",\"inLanguage\":\"es\",\"@id\":\"https:\\\/\\\/mecoam.com\\\/es\\\/#\\\/schema\\\/logo\\\/image\\\/\",\"url\":\"https:\\\/\\\/mecoam.com\\\/wp-content\\\/uploads\\\/2_Logo-MECOAM-CMYK-2-1-1.jpg\",\"contentUrl\":\"https:\\\/\\\/mecoam.com\\\/wp-content\\\/uploads\\\/2_Logo-MECOAM-CMYK-2-1-1.jpg\",\"width\":764,\"height\":124,\"caption\":\"MECOAM\"},\"image\":{\"@id\":\"https:\\\/\\\/mecoam.com\\\/es\\\/#\\\/schema\\\/logo\\\/image\\\/\"}}]}<\/script>\n<!-- \/ Yoast SEO plugin. -->","yoast_head_json":{"title":"Servicios | MECOAM","description":"NUESTROS SERVICIOS Contamos con la disposici\u00f3n total de los medios e instalaciones de nuestros dos accionistas, que nos brindan la posibilidad de ofrecer","robots":{"index":"index","follow":"follow","max-snippet":"max-snippet:-1","max-image-preview":"max-image-preview:large","max-video-preview":"max-video-preview:-1"},"canonical":"https:\/\/mecoam.com\/es\/servicios\/","og_locale":"es_ES","og_type":"article","og_title":"Servicios | MECOAM","og_description":"NUESTROS SERVICIOS Contamos con la disposici\u00f3n total de los medios e instalaciones de nuestros dos accionistas, que nos brindan la posibilidad de ofrecer","og_url":"https:\/\/mecoam.com\/es\/servicios\/","og_site_name":"MECOAM","article_modified_time":"2023-05-08T07:52:45+00:00","og_image":[{"url":"https:\/\/mecoam.com\/wp-content\/uploads\/Captura-de-pantalla-2023-05-05-152737-1024x678.jpg","type":"","width":"","height":""}],"twitter_card":"summary_large_image","twitter_misc":{"Tiempo de lectura":"2 minutos"},"schema":{"@context":"https:\/\/schema.org","@graph":[{"@type":"WebPage","@id":"https:\/\/mecoam.com\/es\/servicios\/","url":"https:\/\/mecoam.com\/es\/servicios\/","name":"Servicios | MECOAM","isPartOf":{"@id":"https:\/\/mecoam.com\/es\/#website"},"primaryImageOfPage":{"@id":"https:\/\/mecoam.com\/es\/servicios\/#primaryimage"},"image":{"@id":"https:\/\/mecoam.com\/es\/servicios\/#primaryimage"},"thumbnailUrl":"https:\/\/mecoam.com\/wp-content\/uploads\/Captura-de-pantalla-2023-05-05-152737-1024x678.jpg","datePublished":"2023-05-08T07:52:43+00:00","dateModified":"2023-05-08T07:52:45+00:00","description":"NUESTROS SERVICIOS Contamos con la disposici\u00f3n total de los medios e instalaciones de nuestros dos accionistas, que nos brindan la posibilidad de ofrecer","inLanguage":"es","potentialAction":[{"@type":"ReadAction","target":["https:\/\/mecoam.com\/es\/servicios\/"]}]},{"@type":"ImageObject","inLanguage":"es","@id":"https:\/\/mecoam.com\/es\/servicios\/#primaryimage","url":"https:\/\/mecoam.com\/wp-content\/uploads\/Captura-de-pantalla-2023-05-05-152737-1024x678.jpg","contentUrl":"https:\/\/mecoam.com\/wp-content\/uploads\/Captura-de-pantalla-2023-05-05-152737-1024x678.jpg"},{"@type":"WebSite","@id":"https:\/\/mecoam.com\/es\/#website","url":"https:\/\/mecoam.com\/es\/","name":"MECOAM","description":"MEDIACIONES COMERCIALES AMBIENTALES","publisher":{"@id":"https:\/\/mecoam.com\/es\/#organization"},"potentialAction":[{"@type":"SearchAction","target":{"@type":"EntryPoint","urlTemplate":"https:\/\/mecoam.com\/es\/?s={search_term_string}"},"query-input":{"@type":"PropertyValueSpecification","valueRequired":true,"valueName":"search_term_string"}}],"inLanguage":"es"},{"@type":"Organization","@id":"https:\/\/mecoam.com\/es\/#organization","name":"MECOAM","url":"https:\/\/mecoam.com\/es\/","logo":{"@type":"ImageObject","inLanguage":"es","@id":"https:\/\/mecoam.com\/es\/#\/schema\/logo\/image\/","url":"https:\/\/mecoam.com\/wp-content\/uploads\/2_Logo-MECOAM-CMYK-2-1-1.jpg","contentUrl":"https:\/\/mecoam.com\/wp-content\/uploads\/2_Logo-MECOAM-CMYK-2-1-1.jpg","width":764,"height":124,"caption":"MECOAM"},"image":{"@id":"https:\/\/mecoam.com\/es\/#\/schema\/logo\/image\/"}}]}},"_links":{"self":[{"href":"https:\/\/mecoam.com\/es\/wp-json\/wp\/v2\/pages\/8791","targetHints":{"allow":["GET"]}}],"collection":[{"href":"https:\/\/mecoam.com\/es\/wp-json\/wp\/v2\/pages"}],"about":[{"href":"https:\/\/mecoam.com\/es\/wp-json\/wp\/v2\/types\/page"}],"author":[{"embeddable":true,"href":"https:\/\/mecoam.com\/es\/wp-json\/wp\/v2\/users\/3"}],"replies":[{"embeddable":true,"href":"https:\/\/mecoam.com\/es\/wp-json\/wp\/v2\/comments?post=8791"}],"version-history":[{"count":3,"href":"https:\/\/mecoam.com\/es\/wp-json\/wp\/v2\/pages\/8791\/revisions"}],"predecessor-version":[{"id":8794,"href":"https:\/\/mecoam.com\/es\/wp-json\/wp\/v2\/pages\/8791\/revisions\/8794"}],"wp:attachment":[{"href":"https:\/\/mecoam.com\/es\/wp-json\/wp\/v2\/media?parent=8791"}],"curies":[{"name":"wp","href":"https:\/\/api.w.org\/{rel}","templated":true}]}}