{"id":5940,"date":"2022-07-06T14:06:38","date_gmt":"2022-07-06T12:06:38","guid":{"rendered":"https:\/\/mecoam.com\/documentacio-i-autoritzacions\/"},"modified":"2023-05-08T10:05:26","modified_gmt":"2023-05-08T08:05:26","slug":"documentacio-i-autoritzacions","status":"publish","type":"page","link":"https:\/\/mecoam.com\/es\/documentacio-i-autoritzacions\/","title":{"rendered":"Documentaci\u00f3n y autorizaciones"},"content":{"rendered":"\t\t<div data-elementor-type=\"wp-page\" data-elementor-id=\"5940\" class=\"elementor elementor-5940 elementor-4278\" data-elementor-post-type=\"page\">\n\t\t\t\t\t\t<section class=\"elementor-section elementor-top-section elementor-element elementor-element-db07126 v-showcase elementor-section-boxed elementor-section-height-default elementor-section-height-default\" data-id=\"db07126\" data-element_type=\"section\" data-e-type=\"section\">\n\t\t\t\t\t\t\t<div class=\"elementor-background-overlay\"><\/div>\n\t\t\t\t\t\t\t<div class=\"elementor-container elementor-column-gap-default\">\n\t\t\t\t\t<div class=\"elementor-column elementor-col-100 elementor-top-column elementor-element elementor-element-d95fb6b\" data-id=\"d95fb6b\" data-element_type=\"column\" data-e-type=\"column\">\n\t\t\t<div class=\"elementor-widget-wrap\">\n\t\t\t\t\t\t\t<\/div>\n\t\t<\/div>\n\t\t\t\t\t<\/div>\n\t\t<\/section>\n\t\t\t\t<section class=\"elementor-section elementor-top-section elementor-element elementor-element-7d1ac9b elementor-section-boxed elementor-section-height-default elementor-section-height-default\" data-id=\"7d1ac9b\" data-element_type=\"section\" data-e-type=\"section\">\n\t\t\t\t\t\t<div class=\"elementor-container elementor-column-gap-default\">\n\t\t\t\t\t<div class=\"elementor-column elementor-col-100 elementor-top-column elementor-element elementor-element-f3e4b9e\" data-id=\"f3e4b9e\" data-element_type=\"column\" data-e-type=\"column\">\n\t\t\t<div class=\"elementor-widget-wrap elementor-element-populated\">\n\t\t\t\t\t\t<div class=\"elementor-element elementor-element-90f29b2 elementor-widget elementor-widget-heading\" data-id=\"90f29b2\" data-element_type=\"widget\" data-e-type=\"widget\" data-widget_type=\"heading.default\">\n\t\t\t\t<div class=\"elementor-widget-container\">\n\t\t\t\t\t<h1 class=\"elementor-heading-title elementor-size-default\">Documentaci\u00f3n y autorizaciones<\/h1>\t\t\t\t<\/div>\n\t\t\t\t<\/div>\n\t\t\t\t\t<\/div>\n\t\t<\/div>\n\t\t\t\t\t<\/div>\n\t\t<\/section>\n\t\t\t\t<section class=\"elementor-section elementor-top-section elementor-element elementor-element-0d29476 v-m-md elementor-section-boxed elementor-section-height-default elementor-section-height-default\" data-id=\"0d29476\" data-element_type=\"section\" data-e-type=\"section\">\n\t\t\t\t\t\t<div class=\"elementor-container elementor-column-gap-default\">\n\t\t\t\t\t<div class=\"elementor-column elementor-col-100 elementor-top-column elementor-element elementor-element-ecfbb57\" data-id=\"ecfbb57\" data-element_type=\"column\" data-e-type=\"column\">\n\t\t\t<div class=\"elementor-widget-wrap elementor-element-populated\">\n\t\t\t\t\t\t<div class=\"elementor-element elementor-element-5421656 elementor-widget elementor-widget-heading\" data-id=\"5421656\" data-element_type=\"widget\" data-e-type=\"widget\" data-widget_type=\"heading.default\">\n\t\t\t\t<div class=\"elementor-widget-container\">\n\t\t\t\t\t<h3 class=\"elementor-heading-title elementor-size-default\">Documentaci\u00f3n interna <\/h3>\t\t\t\t<\/div>\n\t\t\t\t<\/div>\n\t\t\t\t<section class=\"elementor-section elementor-inner-section elementor-element elementor-element-9e28e64 elementor-section-boxed elementor-section-height-default elementor-section-height-default\" data-id=\"9e28e64\" data-element_type=\"section\" data-e-type=\"section\">\n\t\t\t\t\t\t<div class=\"elementor-container elementor-column-gap-default\">\n\t\t\t\t\t<div class=\"elementor-column elementor-col-100 elementor-inner-column elementor-element elementor-element-c35df61 v-certificates-grid-4\" data-id=\"c35df61\" data-element_type=\"column\" data-e-type=\"column\">\n\t\t\t<div class=\"elementor-widget-wrap elementor-element-populated\">\n\t\t\t\t\t\t<div class=\"elementor-element elementor-element-e9f98f6 v-item elementor-cta--skin-classic elementor-animated-content elementor-bg-transform elementor-bg-transform-zoom-in elementor-widget elementor-widget-call-to-action\" data-id=\"e9f98f6\" data-element_type=\"widget\" data-e-type=\"widget\" data-widget_type=\"call-to-action.default\">\n\t\t\t\t<div class=\"elementor-widget-container\">\n\t\t\t\t\t\t\t<a class=\"elementor-cta\" href=\"https:\/\/mecoam.com\/wp-content\/uploads\/model_doc_accep_ATLAS.pdf\">\n\t\t\t\t\t\t\t<div class=\"elementor-cta__content\">\n\t\t\t\t\n\t\t\t\t\t\t\t\t\t<span class=\"elementor-cta__title elementor-cta__content-item elementor-content-item\">\n\t\t\t\t\t\tModelo de aceptaci\u00f3n\t\t\t\t\t<\/span>\n\t\t\t\t\n\t\t\t\t\n\t\t\t\t\t\t\t\t\t<div class=\"elementor-cta__button-wrapper elementor-cta__content-item elementor-content-item \">\n\t\t\t\t\t<span class=\"elementor-cta__button elementor-button elementor-size-\">\n\t\t\t\t\t\t \t\t\t\t\t<\/span>\n\t\t\t\t\t<\/div>\n\t\t\t\t\t\t\t<\/div>\n\t\t\t\t\t\t<\/a>\n\t\t\t\t\t\t<\/div>\n\t\t\t\t<\/div>\n\t\t\t\t<div class=\"elementor-element elementor-element-7f0bb8a v-item elementor-cta--skin-classic elementor-animated-content elementor-bg-transform elementor-bg-transform-zoom-in elementor-widget elementor-widget-call-to-action\" data-id=\"7f0bb8a\" data-element_type=\"widget\" data-e-type=\"widget\" data-widget_type=\"call-to-action.default\">\n\t\t\t\t<div class=\"elementor-widget-container\">\n\t\t\t\t\t\t\t<a class=\"elementor-cta\" href=\"https:\/\/mecoam.com\/wp-content\/uploads\/RETORN-FIANCA-ATLAS.pdf\">\n\t\t\t\t\t\t\t<div class=\"elementor-cta__content\">\n\t\t\t\t\n\t\t\t\t\t\t\t\t\t<span class=\"elementor-cta__title elementor-cta__content-item elementor-content-item\">\n\t\t\t\t\t\tRetorno Fianza\t\t\t\t\t<\/span>\n\t\t\t\t\n\t\t\t\t\n\t\t\t\t\t\t\t\t\t<div class=\"elementor-cta__button-wrapper elementor-cta__content-item elementor-content-item \">\n\t\t\t\t\t<span class=\"elementor-cta__button elementor-button elementor-size-\">\n\t\t\t\t\t\t \t\t\t\t\t<\/span>\n\t\t\t\t\t<\/div>\n\t\t\t\t\t\t\t<\/div>\n\t\t\t\t\t\t<\/a>\n\t\t\t\t\t\t<\/div>\n\t\t\t\t<\/div>\n\t\t\t\t\t<\/div>\n\t\t<\/div>\n\t\t\t\t\t<\/div>\n\t\t<\/section>\n\t\t\t\t\t<\/div>\n\t\t<\/div>\n\t\t\t\t\t<\/div>\n\t\t<\/section>\n\t\t\t\t<section class=\"elementor-section elementor-top-section elementor-element elementor-element-e9be516 v-m-md elementor-section-boxed elementor-section-height-default elementor-section-height-default\" data-id=\"e9be516\" data-element_type=\"section\" data-e-type=\"section\">\n\t\t\t\t\t\t<div class=\"elementor-container elementor-column-gap-default\">\n\t\t\t\t\t<div class=\"elementor-column elementor-col-100 elementor-top-column elementor-element elementor-element-15151a1\" data-id=\"15151a1\" data-element_type=\"column\" data-e-type=\"column\">\n\t\t\t<div class=\"elementor-widget-wrap elementor-element-populated\">\n\t\t\t\t\t\t<div class=\"elementor-element elementor-element-882354e elementor-widget elementor-widget-heading\" data-id=\"882354e\" data-element_type=\"widget\" data-e-type=\"widget\" data-widget_type=\"heading.default\">\n\t\t\t\t<div class=\"elementor-widget-container\">\n\t\t\t\t\t<h3 class=\"elementor-heading-title elementor-size-default\">Marco normativo<\/h3>\t\t\t\t<\/div>\n\t\t\t\t<\/div>\n\t\t\t\t<section class=\"elementor-section elementor-inner-section elementor-element elementor-element-f2559ad elementor-section-boxed elementor-section-height-default elementor-section-height-default\" data-id=\"f2559ad\" data-element_type=\"section\" data-e-type=\"section\">\n\t\t\t\t\t\t<div class=\"elementor-container elementor-column-gap-default\">\n\t\t\t\t\t<div class=\"elementor-column elementor-col-100 elementor-inner-column elementor-element elementor-element-e759773 v-certificates-grid-4\" data-id=\"e759773\" data-element_type=\"column\" data-e-type=\"column\">\n\t\t\t<div class=\"elementor-widget-wrap elementor-element-populated\">\n\t\t\t\t\t\t<div class=\"elementor-element elementor-element-e64201e v-item elementor-cta--skin-classic elementor-animated-content elementor-bg-transform elementor-bg-transform-zoom-in elementor-widget elementor-widget-call-to-action\" data-id=\"e64201e\" data-element_type=\"widget\" data-e-type=\"widget\" data-widget_type=\"call-to-action.default\">\n\t\t\t\t<div class=\"elementor-widget-container\">\n\t\t\t\t\t\t\t<a class=\"elementor-cta\" href=\"https:\/\/mecoam.com\/es\/\">\n\t\t\t\t\t\t\t<div class=\"elementor-cta__content\">\n\t\t\t\t\n\t\t\t\t\t\t\t\t\t<span class=\"elementor-cta__title elementor-cta__content-item elementor-content-item\">\n\t\t\t\t\t\t\u00c9ste es el encabezamiento \t\t\t\t\t<\/span>\n\t\t\t\t\n\t\t\t\t\n\t\t\t\t\t\t\t\t\t<div class=\"elementor-cta__button-wrapper elementor-cta__content-item elementor-content-item \">\n\t\t\t\t\t<span class=\"elementor-cta__button elementor-button elementor-size-\">\n\t\t\t\t\t\t \t\t\t\t\t<\/span>\n\t\t\t\t\t<\/div>\n\t\t\t\t\t\t\t<\/div>\n\t\t\t\t\t\t<\/a>\n\t\t\t\t\t\t<\/div>\n\t\t\t\t<\/div>\n\t\t\t\t<div class=\"elementor-element elementor-element-6dca0ed v-item elementor-cta--skin-classic elementor-animated-content elementor-bg-transform elementor-bg-transform-zoom-in elementor-widget elementor-widget-call-to-action\" data-id=\"6dca0ed\" data-element_type=\"widget\" data-e-type=\"widget\" data-widget_type=\"call-to-action.default\">\n\t\t\t\t<div class=\"elementor-widget-container\">\n\t\t\t\t\t\t\t<a class=\"elementor-cta\" href=\"https:\/\/mecoam.com\/es\/\">\n\t\t\t\t\t\t\t<div class=\"elementor-cta__content\">\n\t\t\t\t\n\t\t\t\t\t\t\t\t\t<span class=\"elementor-cta__title elementor-cta__content-item elementor-content-item\">\n\t\t\t\t\t\t\u00c9ste es el encabezamiento\t\t\t\t\t<\/span>\n\t\t\t\t\n\t\t\t\t\n\t\t\t\t\t\t\t\t\t<div class=\"elementor-cta__button-wrapper elementor-cta__content-item elementor-content-item \">\n\t\t\t\t\t<span class=\"elementor-cta__button elementor-button elementor-size-\">\n\t\t\t\t\t\t \t\t\t\t\t<\/span>\n\t\t\t\t\t<\/div>\n\t\t\t\t\t\t\t<\/div>\n\t\t\t\t\t\t<\/a>\n\t\t\t\t\t\t<\/div>\n\t\t\t\t<\/div>\n\t\t\t\t<div class=\"elementor-element elementor-element-8834ca4 v-item elementor-cta--skin-classic elementor-animated-content elementor-bg-transform elementor-bg-transform-zoom-in elementor-widget elementor-widget-call-to-action\" data-id=\"8834ca4\" data-element_type=\"widget\" data-e-type=\"widget\" data-widget_type=\"call-to-action.default\">\n\t\t\t\t<div class=\"elementor-widget-container\">\n\t\t\t\t\t\t\t<a class=\"elementor-cta\" href=\"https:\/\/mecoam.com\/es\/\">\n\t\t\t\t\t\t\t<div class=\"elementor-cta__content\">\n\t\t\t\t\n\t\t\t\t\t\t\t\t\t<span class=\"elementor-cta__title elementor-cta__content-item elementor-content-item\">\n\t\t\t\t\t\t\u00c9ste es el encabezamiento\t\t\t\t\t<\/span>\n\t\t\t\t\n\t\t\t\t\n\t\t\t\t\t\t\t\t\t<div class=\"elementor-cta__button-wrapper elementor-cta__content-item elementor-content-item \">\n\t\t\t\t\t<span class=\"elementor-cta__button elementor-button elementor-size-\">\n\t\t\t\t\t\t \t\t\t\t\t<\/span>\n\t\t\t\t\t<\/div>\n\t\t\t\t\t\t\t<\/div>\n\t\t\t\t\t\t<\/a>\n\t\t\t\t\t\t<\/div>\n\t\t\t\t<\/div>\n\t\t\t\t<div class=\"elementor-element elementor-element-25aa9ff v-item elementor-cta--skin-classic elementor-animated-content elementor-bg-transform elementor-bg-transform-zoom-in elementor-widget elementor-widget-call-to-action\" data-id=\"25aa9ff\" data-element_type=\"widget\" data-e-type=\"widget\" data-widget_type=\"call-to-action.default\">\n\t\t\t\t<div class=\"elementor-widget-container\">\n\t\t\t\t\t\t\t<a class=\"elementor-cta\" href=\"\/wp-content\/uploads\/3_Guia-Tecnica-Amianto.pdf\">\n\t\t\t\t\t\t\t<div class=\"elementor-cta__content\">\n\t\t\t\t\n\t\t\t\t\t\t\t\t\t<span class=\"elementor-cta__title elementor-cta__content-item elementor-content-item\">\n\t\t\t\t\t\tGu\u00eda t\u00e9cnica amianto \t\t\t\t\t<\/span>\n\t\t\t\t\n\t\t\t\t\n\t\t\t\t\t\t\t\t\t<div class=\"elementor-cta__button-wrapper elementor-cta__content-item elementor-content-item \">\n\t\t\t\t\t<span class=\"elementor-cta__button elementor-button elementor-size-\">\n\t\t\t\t\t\t \t\t\t\t\t<\/span>\n\t\t\t\t\t<\/div>\n\t\t\t\t\t\t\t<\/div>\n\t\t\t\t\t\t<\/a>\n\t\t\t\t\t\t<\/div>\n\t\t\t\t<\/div>\n\t\t\t\t\t<\/div>\n\t\t<\/div>\n\t\t\t\t\t<\/div>\n\t\t<\/section>\n\t\t\t\t\t<\/div>\n\t\t<\/div>\n\t\t\t\t\t<\/div>\n\t\t<\/section>\n\t\t\t\t<section class=\"elementor-section elementor-top-section elementor-element elementor-element-0ef1fcf v-m-md elementor-section-boxed elementor-section-height-default elementor-section-height-default\" data-id=\"0ef1fcf\" data-element_type=\"section\" data-e-type=\"section\">\n\t\t\t\t\t\t<div class=\"elementor-container elementor-column-gap-default\">\n\t\t\t\t\t<div class=\"elementor-column elementor-col-100 elementor-top-column elementor-element elementor-element-c1db6a5\" data-id=\"c1db6a5\" data-element_type=\"column\" data-e-type=\"column\">\n\t\t\t<div class=\"elementor-widget-wrap elementor-element-populated\">\n\t\t\t\t\t\t<div class=\"elementor-element elementor-element-b3f8a0f elementor-widget elementor-widget-heading\" data-id=\"b3f8a0f\" data-element_type=\"widget\" data-e-type=\"widget\" data-widget_type=\"heading.default\">\n\t\t\t\t<div class=\"elementor-widget-container\">\n\t\t\t\t\t<h3 class=\"elementor-heading-title elementor-size-default\">Autorizaciones<\/h3>\t\t\t\t<\/div>\n\t\t\t\t<\/div>\n\t\t\t\t<section class=\"elementor-section elementor-inner-section elementor-element elementor-element-7e0dda1 elementor-section-boxed elementor-section-height-default elementor-section-height-default\" data-id=\"7e0dda1\" data-element_type=\"section\" data-e-type=\"section\">\n\t\t\t\t\t\t<div class=\"elementor-container elementor-column-gap-default\">\n\t\t\t\t\t<div class=\"elementor-column elementor-col-100 elementor-inner-column elementor-element elementor-element-ccac5e0 v-certificates-grid-4\" data-id=\"ccac5e0\" data-element_type=\"column\" data-e-type=\"column\">\n\t\t\t<div class=\"elementor-widget-wrap elementor-element-populated\">\n\t\t\t\t\t\t<div class=\"elementor-element elementor-element-0deda37 v-item elementor-cta--skin-classic elementor-animated-content elementor-bg-transform elementor-bg-transform-zoom-in elementor-widget elementor-widget-call-to-action\" data-id=\"0deda37\" data-element_type=\"widget\" data-e-type=\"widget\" data-widget_type=\"call-to-action.default\">\n\t\t\t\t<div class=\"elementor-widget-container\">\n\t\t\t\t\t\t\t<a class=\"elementor-cta\" href=\"https:\/\/mecoam.com\/es\/\">\n\t\t\t\t\t\t\t<div class=\"elementor-cta__content\">\n\t\t\t\t\n\t\t\t\t\t\t\t\t\t<span class=\"elementor-cta__title elementor-cta__content-item elementor-content-item\">\n\t\t\t\t\t\t\u00c9ste es el encabezamiento\t\t\t\t\t<\/span>\n\t\t\t\t\n\t\t\t\t\n\t\t\t\t\t\t\t\t\t<div class=\"elementor-cta__button-wrapper elementor-cta__content-item elementor-content-item \">\n\t\t\t\t\t<span class=\"elementor-cta__button elementor-button elementor-size-\">\n\t\t\t\t\t\t \t\t\t\t\t<\/span>\n\t\t\t\t\t<\/div>\n\t\t\t\t\t\t\t<\/div>\n\t\t\t\t\t\t<\/a>\n\t\t\t\t\t\t<\/div>\n\t\t\t\t<\/div>\n\t\t\t\t<div class=\"elementor-element elementor-element-ea62625 v-item elementor-cta--skin-classic elementor-animated-content elementor-bg-transform elementor-bg-transform-zoom-in elementor-widget elementor-widget-call-to-action\" data-id=\"ea62625\" data-element_type=\"widget\" data-e-type=\"widget\" data-widget_type=\"call-to-action.default\">\n\t\t\t\t<div class=\"elementor-widget-container\">\n\t\t\t\t\t\t\t<a class=\"elementor-cta\" href=\"https:\/\/mecoam.com\/es\/\">\n\t\t\t\t\t\t\t<div class=\"elementor-cta__content\">\n\t\t\t\t\n\t\t\t\t\t\t\t\t\t<span class=\"elementor-cta__title elementor-cta__content-item elementor-content-item\">\n\t\t\t\t\t\t\u00c9ste es el encabezamiento\t\t\t\t\t<\/span>\n\t\t\t\t\n\t\t\t\t\n\t\t\t\t\t\t\t\t\t<div class=\"elementor-cta__button-wrapper elementor-cta__content-item elementor-content-item \">\n\t\t\t\t\t<span class=\"elementor-cta__button elementor-button elementor-size-\">\n\t\t\t\t\t\t \t\t\t\t\t<\/span>\n\t\t\t\t\t<\/div>\n\t\t\t\t\t\t\t<\/div>\n\t\t\t\t\t\t<\/a>\n\t\t\t\t\t\t<\/div>\n\t\t\t\t<\/div>\n\t\t\t\t<div class=\"elementor-element elementor-element-54c7ce7 v-item elementor-cta--skin-classic elementor-animated-content elementor-bg-transform elementor-bg-transform-zoom-in elementor-widget elementor-widget-call-to-action\" data-id=\"54c7ce7\" data-element_type=\"widget\" data-e-type=\"widget\" data-widget_type=\"call-to-action.default\">\n\t\t\t\t<div class=\"elementor-widget-container\">\n\t\t\t\t\t\t\t<a class=\"elementor-cta\" href=\"\/wp-content\/uploads\/2_Registre-Negociant.pdf\">\n\t\t\t\t\t\t\t<div class=\"elementor-cta__content\">\n\t\t\t\t\n\t\t\t\t\t\t\t\t\t<span class=\"elementor-cta__title elementor-cta__content-item elementor-content-item\">\n\t\t\t\t\t\tRegistro negociante\t\t\t\t\t<\/span>\n\t\t\t\t\n\t\t\t\t\n\t\t\t\t\t\t\t\t\t<div class=\"elementor-cta__button-wrapper elementor-cta__content-item elementor-content-item \">\n\t\t\t\t\t<span class=\"elementor-cta__button elementor-button elementor-size-\">\n\t\t\t\t\t\t \t\t\t\t\t<\/span>\n\t\t\t\t\t<\/div>\n\t\t\t\t\t\t\t<\/div>\n\t\t\t\t\t\t<\/a>\n\t\t\t\t\t\t<\/div>\n\t\t\t\t<\/div>\n\t\t\t\t\t<\/div>\n\t\t<\/div>\n\t\t\t\t\t<\/div>\n\t\t<\/section>\n\t\t\t\t\t<\/div>\n\t\t<\/div>\n\t\t\t\t\t<\/div>\n\t\t<\/section>\n\t\t\t\t<\/div>\n\t\t","protected":false},"excerpt":{"rendered":"<p>Documentaci\u00f3n interna Modelo de aceptaci\u00f3n Retorno Fianza Marco normativo \u00c9ste es el encabezamiento \u00c9ste es el encabezamiento \u00c9ste es el encabezamiento Gu\u00eda t\u00e9cnica amianto Autorizaciones \u00c9ste es el encabezamiento \u00c9ste es el encabezamiento Registro negociante<\/p>\n","protected":false},"author":1,"featured_media":5763,"parent":0,"menu_order":22,"comment_status":"closed","ping_status":"closed","template":"","meta":{"footnotes":""},"class_list":["post-5940","page","type-page","status-publish","has-post-thumbnail","hentry"],"yoast_head":"<!-- This site is optimized with the Yoast SEO plugin v27.3 - https:\/\/yoast.com\/product\/yoast-seo-wordpress\/ -->\n<title>Documentaci\u00f3n y autorizaciones | MECOAM<\/title>\n<meta name=\"description\" content=\"Documentaci\u00f3n interna Modelo de aceptaci\u00f3n Retorno Fianza Marco normativo \u00c9ste es el encabezamiento \u00c9ste es el encabezamiento \u00c9ste es el encabezamiento\" \/>\n<meta name=\"robots\" content=\"index, follow, max-snippet:-1, max-image-preview:large, max-video-preview:-1\" \/>\n<link rel=\"canonical\" href=\"https:\/\/mecoam.com\/es\/documentacio-i-autoritzacions\/\" \/>\n<meta property=\"og:locale\" content=\"es_ES\" \/>\n<meta property=\"og:type\" content=\"article\" \/>\n<meta property=\"og:title\" content=\"Documentaci\u00f3n y autorizaciones | MECOAM\" \/>\n<meta property=\"og:description\" content=\"Documentaci\u00f3n interna Modelo de aceptaci\u00f3n Retorno Fianza Marco normativo \u00c9ste es el encabezamiento \u00c9ste es el encabezamiento \u00c9ste es el encabezamiento\" \/>\n<meta property=\"og:url\" content=\"https:\/\/mecoam.com\/es\/documentacio-i-autoritzacions\/\" \/>\n<meta property=\"og:site_name\" content=\"MECOAM\" \/>\n<meta property=\"article:modified_time\" content=\"2023-05-08T08:05:26+00:00\" \/>\n<meta property=\"og:image\" content=\"https:\/\/mecoam.com\/wp-content\/uploads\/atlasgm-gestio-mediambiental-1024x680.jpg\" \/>\n\t<meta property=\"og:image:width\" content=\"1024\" \/>\n\t<meta property=\"og:image:height\" content=\"680\" \/>\n\t<meta property=\"og:image:type\" content=\"image\/jpeg\" \/>\n<meta name=\"twitter:card\" content=\"summary_large_image\" \/>\n<script type=\"application\/ld+json\" class=\"yoast-schema-graph\">{\"@context\":\"https:\\\/\\\/schema.org\",\"@graph\":[{\"@type\":\"WebPage\",\"@id\":\"https:\\\/\\\/mecoam.com\\\/es\\\/documentacio-i-autoritzacions\\\/\",\"url\":\"https:\\\/\\\/mecoam.com\\\/es\\\/documentacio-i-autoritzacions\\\/\",\"name\":\"Documentaci\u00f3n y autorizaciones | MECOAM\",\"isPartOf\":{\"@id\":\"https:\\\/\\\/mecoam.com\\\/es\\\/#website\"},\"primaryImageOfPage\":{\"@id\":\"https:\\\/\\\/mecoam.com\\\/es\\\/documentacio-i-autoritzacions\\\/#primaryimage\"},\"image\":{\"@id\":\"https:\\\/\\\/mecoam.com\\\/es\\\/documentacio-i-autoritzacions\\\/#primaryimage\"},\"thumbnailUrl\":\"https:\\\/\\\/mecoam.com\\\/wp-content\\\/uploads\\\/atlasgm-gestio-mediambiental.jpg\",\"datePublished\":\"2022-07-06T12:06:38+00:00\",\"dateModified\":\"2023-05-08T08:05:26+00:00\",\"description\":\"Documentaci\u00f3n interna Modelo de aceptaci\u00f3n Retorno Fianza Marco normativo \u00c9ste es el encabezamiento \u00c9ste es el encabezamiento \u00c9ste es el encabezamiento\",\"inLanguage\":\"es\",\"potentialAction\":[{\"@type\":\"ReadAction\",\"target\":[\"https:\\\/\\\/mecoam.com\\\/es\\\/documentacio-i-autoritzacions\\\/\"]}]},{\"@type\":\"ImageObject\",\"inLanguage\":\"es\",\"@id\":\"https:\\\/\\\/mecoam.com\\\/es\\\/documentacio-i-autoritzacions\\\/#primaryimage\",\"url\":\"https:\\\/\\\/mecoam.com\\\/wp-content\\\/uploads\\\/atlasgm-gestio-mediambiental.jpg\",\"contentUrl\":\"https:\\\/\\\/mecoam.com\\\/wp-content\\\/uploads\\\/atlasgm-gestio-mediambiental.jpg\",\"width\":2560,\"height\":1700,\"caption\":\"DCIM100MEDIADJI_0315.JPG\"},{\"@type\":\"WebSite\",\"@id\":\"https:\\\/\\\/mecoam.com\\\/es\\\/#website\",\"url\":\"https:\\\/\\\/mecoam.com\\\/es\\\/\",\"name\":\"MECOAM\",\"description\":\"MEDIACIONES COMERCIALES AMBIENTALES\",\"publisher\":{\"@id\":\"https:\\\/\\\/mecoam.com\\\/es\\\/#organization\"},\"potentialAction\":[{\"@type\":\"SearchAction\",\"target\":{\"@type\":\"EntryPoint\",\"urlTemplate\":\"https:\\\/\\\/mecoam.com\\\/es\\\/?s={search_term_string}\"},\"query-input\":{\"@type\":\"PropertyValueSpecification\",\"valueRequired\":true,\"valueName\":\"search_term_string\"}}],\"inLanguage\":\"es\"},{\"@type\":\"Organization\",\"@id\":\"https:\\\/\\\/mecoam.com\\\/es\\\/#organization\",\"name\":\"MECOAM\",\"url\":\"https:\\\/\\\/mecoam.com\\\/es\\\/\",\"logo\":{\"@type\":\"ImageObject\",\"inLanguage\":\"es\",\"@id\":\"https:\\\/\\\/mecoam.com\\\/es\\\/#\\\/schema\\\/logo\\\/image\\\/\",\"url\":\"https:\\\/\\\/mecoam.com\\\/wp-content\\\/uploads\\\/2_Logo-MECOAM-CMYK-2-1-1.jpg\",\"contentUrl\":\"https:\\\/\\\/mecoam.com\\\/wp-content\\\/uploads\\\/2_Logo-MECOAM-CMYK-2-1-1.jpg\",\"width\":764,\"height\":124,\"caption\":\"MECOAM\"},\"image\":{\"@id\":\"https:\\\/\\\/mecoam.com\\\/es\\\/#\\\/schema\\\/logo\\\/image\\\/\"}}]}<\/script>\n<!-- \/ Yoast SEO plugin. -->","yoast_head_json":{"title":"Documentaci\u00f3n y autorizaciones | MECOAM","description":"Documentaci\u00f3n interna Modelo de aceptaci\u00f3n Retorno Fianza Marco normativo \u00c9ste es el encabezamiento \u00c9ste es el encabezamiento \u00c9ste es el encabezamiento","robots":{"index":"index","follow":"follow","max-snippet":"max-snippet:-1","max-image-preview":"max-image-preview:large","max-video-preview":"max-video-preview:-1"},"canonical":"https:\/\/mecoam.com\/es\/documentacio-i-autoritzacions\/","og_locale":"es_ES","og_type":"article","og_title":"Documentaci\u00f3n y autorizaciones | MECOAM","og_description":"Documentaci\u00f3n interna Modelo de aceptaci\u00f3n Retorno Fianza Marco normativo \u00c9ste es el encabezamiento \u00c9ste es el encabezamiento \u00c9ste es el encabezamiento","og_url":"https:\/\/mecoam.com\/es\/documentacio-i-autoritzacions\/","og_site_name":"MECOAM","article_modified_time":"2023-05-08T08:05:26+00:00","og_image":[{"width":1024,"height":680,"url":"https:\/\/mecoam.com\/wp-content\/uploads\/atlasgm-gestio-mediambiental-1024x680.jpg","type":"image\/jpeg"}],"twitter_card":"summary_large_image","schema":{"@context":"https:\/\/schema.org","@graph":[{"@type":"WebPage","@id":"https:\/\/mecoam.com\/es\/documentacio-i-autoritzacions\/","url":"https:\/\/mecoam.com\/es\/documentacio-i-autoritzacions\/","name":"Documentaci\u00f3n y autorizaciones | MECOAM","isPartOf":{"@id":"https:\/\/mecoam.com\/es\/#website"},"primaryImageOfPage":{"@id":"https:\/\/mecoam.com\/es\/documentacio-i-autoritzacions\/#primaryimage"},"image":{"@id":"https:\/\/mecoam.com\/es\/documentacio-i-autoritzacions\/#primaryimage"},"thumbnailUrl":"https:\/\/mecoam.com\/wp-content\/uploads\/atlasgm-gestio-mediambiental.jpg","datePublished":"2022-07-06T12:06:38+00:00","dateModified":"2023-05-08T08:05:26+00:00","description":"Documentaci\u00f3n interna Modelo de aceptaci\u00f3n Retorno Fianza Marco normativo \u00c9ste es el encabezamiento \u00c9ste es el encabezamiento \u00c9ste es el encabezamiento","inLanguage":"es","potentialAction":[{"@type":"ReadAction","target":["https:\/\/mecoam.com\/es\/documentacio-i-autoritzacions\/"]}]},{"@type":"ImageObject","inLanguage":"es","@id":"https:\/\/mecoam.com\/es\/documentacio-i-autoritzacions\/#primaryimage","url":"https:\/\/mecoam.com\/wp-content\/uploads\/atlasgm-gestio-mediambiental.jpg","contentUrl":"https:\/\/mecoam.com\/wp-content\/uploads\/atlasgm-gestio-mediambiental.jpg","width":2560,"height":1700,"caption":"DCIM100MEDIADJI_0315.JPG"},{"@type":"WebSite","@id":"https:\/\/mecoam.com\/es\/#website","url":"https:\/\/mecoam.com\/es\/","name":"MECOAM","description":"MEDIACIONES COMERCIALES AMBIENTALES","publisher":{"@id":"https:\/\/mecoam.com\/es\/#organization"},"potentialAction":[{"@type":"SearchAction","target":{"@type":"EntryPoint","urlTemplate":"https:\/\/mecoam.com\/es\/?s={search_term_string}"},"query-input":{"@type":"PropertyValueSpecification","valueRequired":true,"valueName":"search_term_string"}}],"inLanguage":"es"},{"@type":"Organization","@id":"https:\/\/mecoam.com\/es\/#organization","name":"MECOAM","url":"https:\/\/mecoam.com\/es\/","logo":{"@type":"ImageObject","inLanguage":"es","@id":"https:\/\/mecoam.com\/es\/#\/schema\/logo\/image\/","url":"https:\/\/mecoam.com\/wp-content\/uploads\/2_Logo-MECOAM-CMYK-2-1-1.jpg","contentUrl":"https:\/\/mecoam.com\/wp-content\/uploads\/2_Logo-MECOAM-CMYK-2-1-1.jpg","width":764,"height":124,"caption":"MECOAM"},"image":{"@id":"https:\/\/mecoam.com\/es\/#\/schema\/logo\/image\/"}}]}},"_links":{"self":[{"href":"https:\/\/mecoam.com\/es\/wp-json\/wp\/v2\/pages\/5940","targetHints":{"allow":["GET"]}}],"collection":[{"href":"https:\/\/mecoam.com\/es\/wp-json\/wp\/v2\/pages"}],"about":[{"href":"https:\/\/mecoam.com\/es\/wp-json\/wp\/v2\/types\/page"}],"author":[{"embeddable":true,"href":"https:\/\/mecoam.com\/es\/wp-json\/wp\/v2\/users\/1"}],"replies":[{"embeddable":true,"href":"https:\/\/mecoam.com\/es\/wp-json\/wp\/v2\/comments?post=5940"}],"version-history":[{"count":7,"href":"https:\/\/mecoam.com\/es\/wp-json\/wp\/v2\/pages\/5940\/revisions"}],"predecessor-version":[{"id":8819,"href":"https:\/\/mecoam.com\/es\/wp-json\/wp\/v2\/pages\/5940\/revisions\/8819"}],"wp:featuredmedia":[{"embeddable":true,"href":"https:\/\/mecoam.com\/es\/wp-json\/wp\/v2\/media\/5763"}],"wp:attachment":[{"href":"https:\/\/mecoam.com\/es\/wp-json\/wp\/v2\/media?parent=5940"}],"curies":[{"name":"wp","href":"https:\/\/api.w.org\/{rel}","templated":true}]}}