{"id":5926,"date":"2020-07-11T09:51:11","date_gmt":"2020-07-11T07:51:11","guid":{"rendered":"https:\/\/mecoam.com\/atlas-gestio-mediambiental\/"},"modified":"2024-01-16T14:18:19","modified_gmt":"2024-01-16T13:18:19","slug":"atlas-gestio-mediambiental","status":"publish","type":"page","link":"https:\/\/mecoam.com\/es\/atlas-gestio-mediambiental\/","title":{"rendered":"Quien somos"},"content":{"rendered":"\t\t<div data-elementor-type=\"wp-page\" data-elementor-id=\"5926\" class=\"elementor elementor-5926 elementor-880\" data-elementor-post-type=\"page\">\n\t\t\t\t\t\t<section class=\"elementor-section elementor-top-section elementor-element elementor-element-a55584d v-showcase elementor-section-boxed elementor-section-height-default elementor-section-height-default\" data-id=\"a55584d\" data-element_type=\"section\" data-e-type=\"section\">\n\t\t\t\t\t\t\t<div class=\"elementor-background-overlay\"><\/div>\n\t\t\t\t\t\t\t<div class=\"elementor-container elementor-column-gap-default\">\n\t\t\t\t\t<div class=\"elementor-column elementor-col-100 elementor-top-column elementor-element elementor-element-46d90ae\" data-id=\"46d90ae\" data-element_type=\"column\" data-e-type=\"column\">\n\t\t\t<div class=\"elementor-widget-wrap\">\n\t\t\t\t\t\t\t<\/div>\n\t\t<\/div>\n\t\t\t\t\t<\/div>\n\t\t<\/section>\n\t\t\t\t<section class=\"elementor-section elementor-top-section elementor-element elementor-element-0d459e6 elementor-section-boxed elementor-section-height-default elementor-section-height-default\" data-id=\"0d459e6\" data-element_type=\"section\" data-e-type=\"section\">\n\t\t\t\t\t\t<div class=\"elementor-container elementor-column-gap-default\">\n\t\t\t\t\t<div class=\"elementor-column elementor-col-50 elementor-top-column elementor-element elementor-element-4e13eb6 elementor-hidden-tablet elementor-hidden-mobile\" data-id=\"4e13eb6\" data-element_type=\"column\" data-e-type=\"column\" data-settings=\"{&quot;background_background&quot;:&quot;classic&quot;}\">\n\t\t\t<div class=\"elementor-widget-wrap\">\n\t\t\t\t\t\t\t<\/div>\n\t\t<\/div>\n\t\t\t\t<div class=\"elementor-column elementor-col-50 elementor-top-column elementor-element elementor-element-ddad538\" data-id=\"ddad538\" data-element_type=\"column\" data-e-type=\"column\">\n\t\t\t<div class=\"elementor-widget-wrap elementor-element-populated\">\n\t\t\t\t\t\t<div class=\"elementor-element elementor-element-e4506cd v-bread-section elementor-widget elementor-widget-heading\" data-id=\"e4506cd\" data-element_type=\"widget\" data-e-type=\"widget\" data-widget_type=\"heading.default\">\n\t\t\t\t<div class=\"elementor-widget-container\">\n\t\t\t\t\t<div class=\"elementor-heading-title elementor-size-default\">Quien somos<\/div>\t\t\t\t<\/div>\n\t\t\t\t<\/div>\n\t\t\t\t<div class=\"elementor-element elementor-element-7613044 elementor-widget elementor-widget-heading\" data-id=\"7613044\" data-element_type=\"widget\" data-e-type=\"widget\" data-widget_type=\"heading.default\">\n\t\t\t\t<div class=\"elementor-widget-container\">\n\t\t\t\t\t<h1 class=\"elementor-heading-title elementor-size-default\">MECOAM<\/h1>\t\t\t\t<\/div>\n\t\t\t\t<\/div>\n\t\t\t\t<div class=\"elementor-element elementor-element-46492de elementor-widget elementor-widget-text-editor\" data-id=\"46492de\" data-element_type=\"widget\" data-e-type=\"widget\" data-widget_type=\"text-editor.default\">\n\t\t\t\t<div class=\"elementor-widget-container\">\n\t\t\t\t\t\t\t\t\t<p class=\"MsoNormal\"><span style=\"background-image: initial; background-position: initial; background-size: initial; background-repeat: initial; background-attachment: initial; background-origin: initial; background-clip: initial;\">MEDIACIONES COMERCIALES AMBIENTALES S.L. ( MECOAM) pertenece en un 50% a la empresa FCC \u00e1mbito SA encargada en la gesti\u00f3n de residuos industriales y 50% a la empresa TRADEBE, divisi\u00f3n encargada tambi\u00e9n de la gesti\u00f3n de residuos industriales.<\/span><\/p>\n<p><span lang=\"CA\" style=\"font-size: 12.0pt; line-height: 120%; mso-bidi-font-family: Arial; mso-bidi-theme-font: minor-latin; mso-ansi-language: CA;\">MECOAM desarrolla su actividad comprometida con el crecimiento sostenible, apostando por la innovaci\u00f3n, calidad, profesionalidad y satisfacci\u00f3n del cliente.<\/span><\/p>\n<p><span lang=\"CA\" style=\"font-size: 12.0pt; line-height: 120%; mso-bidi-font-family: Arial; mso-bidi-theme-font: minor-latin; mso-ansi-language: CA;\">MECOAM dispone de personal cualificado con experiencia de m\u00e1s de 15 a\u00f1os en el sector de la gesti\u00f3n de Residuos. Junto con su esp\u00edritu de servicio al cliente y los valores de la matriz, le han situado como empresa de Referencia en la Gesti\u00f3n de Residuos en Catalu\u00f1a.<\/span><\/p>\n<p><span lang=\"CA\" style=\"font-size: 12.0pt; line-height: 120%; mso-bidi-font-family: Arial; mso-bidi-theme-font: minor-latin; mso-ansi-language: CA;\">La experiencia en el campo medioambiental ha conducido a nuestra empresa a aplicar unas m\u00e1ximas en la gesti\u00f3n de los Residuos, que son las siguientes:<\/span><\/p>\n\t\t\t\t\t\t\t\t<\/div>\n\t\t\t\t<\/div>\n\t\t\t\t<div class=\"elementor-element elementor-element-85ad203 elementor-widget elementor-widget-button\" data-id=\"85ad203\" data-element_type=\"widget\" data-e-type=\"widget\" data-widget_type=\"button.default\">\n\t\t\t\t<div class=\"elementor-widget-container\">\n\t\t\t\t\t\t\t\t\t<div class=\"elementor-button-wrapper\">\n\t\t\t\t\t<a class=\"elementor-button elementor-button-link elementor-size-lg\" href=\"\/es\/contactanos\">\n\t\t\t\t\t\t<span class=\"elementor-button-content-wrapper\">\n\t\t\t\t\t\t<span class=\"elementor-button-icon\">\n\t\t\t\t<i aria-hidden=\"true\" class=\"fas fa-long-arrow-alt-right\"><\/i>\t\t\t<\/span>\n\t\t\t\t\t\t\t\t\t<span class=\"elementor-button-text\">Cont\u00e1ctanos<\/span>\n\t\t\t\t\t<\/span>\n\t\t\t\t\t<\/a>\n\t\t\t\t<\/div>\n\t\t\t\t\t\t\t\t<\/div>\n\t\t\t\t<\/div>\n\t\t\t\t\t<\/div>\n\t\t<\/div>\n\t\t\t\t\t<\/div>\n\t\t<\/section>\n\t\t\t\t<section class=\"elementor-section elementor-top-section elementor-element elementor-element-b57b009 elementor-section-boxed elementor-section-height-default elementor-section-height-default\" data-id=\"b57b009\" data-element_type=\"section\" data-e-type=\"section\">\n\t\t\t\t\t\t<div class=\"elementor-container elementor-column-gap-default\">\n\t\t\t\t\t<div class=\"elementor-column elementor-col-50 elementor-top-column elementor-element elementor-element-a49dc39\" data-id=\"a49dc39\" data-element_type=\"column\" data-e-type=\"column\">\n\t\t\t<div class=\"elementor-widget-wrap elementor-element-populated\">\n\t\t\t\t\t\t<div class=\"elementor-element elementor-element-7f2f3f8 elementor-widget elementor-widget-spacer\" data-id=\"7f2f3f8\" data-element_type=\"widget\" data-e-type=\"widget\" data-widget_type=\"spacer.default\">\n\t\t\t\t<div class=\"elementor-widget-container\">\n\t\t\t\t\t\t\t<div class=\"elementor-spacer\">\n\t\t\t<div class=\"elementor-spacer-inner\"><\/div>\n\t\t<\/div>\n\t\t\t\t\t\t<\/div>\n\t\t\t\t<\/div>\n\t\t\t\t<div class=\"elementor-element elementor-element-4de5fe3 v-bread-section elementor-widget elementor-widget-heading\" data-id=\"4de5fe3\" data-element_type=\"widget\" data-e-type=\"widget\" data-widget_type=\"heading.default\">\n\t\t\t\t<div class=\"elementor-widget-container\">\n\t\t\t\t\t<h2 class=\"elementor-heading-title elementor-size-default\"><h2 align=\"center\" style=\"font-family: var(--font-title);white-space: normal;text-align: center\"><span style=\"color: var(--e-global-color-a7d8cf0);font-family: var(--font-title);font-size: 1.06em;white-space: pre-wrap;background-color: var(--e-global-color-eeeca99)\">M\u00c0XIMA MEDIAMBIENTAL<\/span><span style=\"color: var(--e-global-color-a7d8cf0);font-family: var(--font-title);white-space: pre-wrap;font-size: 1.06em;background-color: var(--e-global-color-eeeca99)\"><\/span><br><\/h2><\/h2>\t\t\t\t<\/div>\n\t\t\t\t<\/div>\n\t\t\t\t<div class=\"elementor-element elementor-element-45ed720 elementor-widget elementor-widget-spacer\" data-id=\"45ed720\" data-element_type=\"widget\" data-e-type=\"widget\" data-widget_type=\"spacer.default\">\n\t\t\t\t<div class=\"elementor-widget-container\">\n\t\t\t\t\t\t\t<div class=\"elementor-spacer\">\n\t\t\t<div class=\"elementor-spacer-inner\"><\/div>\n\t\t<\/div>\n\t\t\t\t\t\t<\/div>\n\t\t\t\t<\/div>\n\t\t\t\t<div class=\"elementor-element elementor-element-56c644c elementor-widget elementor-widget-text-editor\" data-id=\"56c644c\" data-element_type=\"widget\" data-e-type=\"widget\" data-widget_type=\"text-editor.default\">\n\t\t\t\t<div class=\"elementor-widget-container\">\n\t\t\t\t\t\t\t\t\t<p><strong>Valorizaci\u00f3n, recuperaci\u00f3n y\/o reciclaje de los residuos frente a tratamientos finales:<\/strong><\/p>\n<p>Planteamos prioritariamente soluciones que den un valor a\u00f1adido al residuo, por delante de tratamientos finalistas que consideran los residuos como desecho.<\/p>\n\t\t\t\t\t\t\t\t<\/div>\n\t\t\t\t<\/div>\n\t\t\t\t<div class=\"elementor-element elementor-element-6a08ac8 elementor-widget elementor-widget-spacer\" data-id=\"6a08ac8\" data-element_type=\"widget\" data-e-type=\"widget\" data-widget_type=\"spacer.default\">\n\t\t\t\t<div class=\"elementor-widget-container\">\n\t\t\t\t\t\t\t<div class=\"elementor-spacer\">\n\t\t\t<div class=\"elementor-spacer-inner\"><\/div>\n\t\t<\/div>\n\t\t\t\t\t\t<\/div>\n\t\t\t\t<\/div>\n\t\t\t\t\t<\/div>\n\t\t<\/div>\n\t\t\t\t<div class=\"elementor-column elementor-col-50 elementor-top-column elementor-element elementor-element-b8cbd7d\" data-id=\"b8cbd7d\" data-element_type=\"column\" data-e-type=\"column\">\n\t\t\t<div class=\"elementor-widget-wrap elementor-element-populated\">\n\t\t\t\t\t\t<div class=\"elementor-element elementor-element-f8f542e elementor-widget elementor-widget-spacer\" data-id=\"f8f542e\" data-element_type=\"widget\" data-e-type=\"widget\" data-widget_type=\"spacer.default\">\n\t\t\t\t<div class=\"elementor-widget-container\">\n\t\t\t\t\t\t\t<div class=\"elementor-spacer\">\n\t\t\t<div class=\"elementor-spacer-inner\"><\/div>\n\t\t<\/div>\n\t\t\t\t\t\t<\/div>\n\t\t\t\t<\/div>\n\t\t\t\t<div class=\"elementor-element elementor-element-6651acc v-bread-section elementor-widget elementor-widget-heading\" data-id=\"6651acc\" data-element_type=\"widget\" data-e-type=\"widget\" data-widget_type=\"heading.default\">\n\t\t\t\t<div class=\"elementor-widget-container\">\n\t\t\t\t\t<h2 class=\"elementor-heading-title elementor-size-default\"><h2 align=\"center\" style=\"font-family: var(--font-title);white-space: normal;text-align: center\"><span style=\"color: var(--e-global-color-a7d8cf0);font-family: var(--font-title);font-size: 1.06em;white-space: pre-wrap;background-color: var(--e-global-color-eeeca99)\">M\u00c1XIMA ECON\u00d3MICA<\/span><span style=\"color: var(--e-global-color-a7d8cf0);font-family: var(--font-title);white-space: pre-wrap;font-size: 1.06em;background-color: var(--e-global-color-eeeca99)\"><\/span><br><\/h2><\/h2>\t\t\t\t<\/div>\n\t\t\t\t<\/div>\n\t\t\t\t<div class=\"elementor-element elementor-element-fd633aa elementor-widget elementor-widget-spacer\" data-id=\"fd633aa\" data-element_type=\"widget\" data-e-type=\"widget\" data-widget_type=\"spacer.default\">\n\t\t\t\t<div class=\"elementor-widget-container\">\n\t\t\t\t\t\t\t<div class=\"elementor-spacer\">\n\t\t\t<div class=\"elementor-spacer-inner\"><\/div>\n\t\t<\/div>\n\t\t\t\t\t\t<\/div>\n\t\t\t\t<\/div>\n\t\t\t\t<div class=\"elementor-element elementor-element-4a38c38 elementor-widget__width-initial elementor-widget elementor-widget-text-editor\" data-id=\"4a38c38\" data-element_type=\"widget\" data-e-type=\"widget\" data-widget_type=\"text-editor.default\">\n\t\t\t\t<div class=\"elementor-widget-container\">\n\t\t\t\t\t\t\t\t\t<p><span style=\"background-color: var(--e-global-color-eeeca99);\">Nuestros proyectos est\u00e1n siempre enmarcados en par\u00e1metros de viabilidad econ\u00f3mica. <\/span><\/p>\n<p><span style=\"background-color: var(--e-global-color-eeeca99);\">No existe soluci\u00f3n t\u00e9cnica a problemas medioambientales que no respete el equilibrio econ\u00f3mico del proyecto.<\/span><\/p>\n\t\t\t\t\t\t\t\t<\/div>\n\t\t\t\t<\/div>\n\t\t\t\t\t<\/div>\n\t\t<\/div>\n\t\t\t\t\t<\/div>\n\t\t<\/section>\n\t\t\t\t<section class=\"elementor-section elementor-top-section elementor-element elementor-element-0aee053 elementor-section-boxed elementor-section-height-default elementor-section-height-default\" data-id=\"0aee053\" data-element_type=\"section\" data-e-type=\"section\">\n\t\t\t\t\t\t<div class=\"elementor-container elementor-column-gap-default\">\n\t\t\t\t\t<div class=\"elementor-column elementor-col-50 elementor-top-column elementor-element elementor-element-8771a51\" data-id=\"8771a51\" data-element_type=\"column\" data-e-type=\"column\">\n\t\t\t<div class=\"elementor-widget-wrap\">\n\t\t\t\t\t\t\t<\/div>\n\t\t<\/div>\n\t\t\t\t<div class=\"elementor-column elementor-col-50 elementor-top-column elementor-element elementor-element-41b54f3\" data-id=\"41b54f3\" data-element_type=\"column\" data-e-type=\"column\">\n\t\t\t<div class=\"elementor-widget-wrap\">\n\t\t\t\t\t\t\t<\/div>\n\t\t<\/div>\n\t\t\t\t\t<\/div>\n\t\t<\/section>\n\t\t\t\t<\/div>\n\t\t","protected":false},"excerpt":{"rendered":"<p>MECOAM MEDIACIONES COMERCIALES AMBIENTALES S.L. ( MECOAM) pertenece en un 50% a la empresa FCC \u00e1mbito SA encargada en la gesti\u00f3n de residuos industriales y 50% a la empresa TRADEBE, divisi\u00f3n encargada tambi\u00e9n de la gesti\u00f3n de residuos industriales. MECOAM desarrolla su actividad comprometida con el crecimiento sostenible, apostando por la innovaci\u00f3n, calidad, profesionalidad y [&hellip;]<\/p>\n","protected":false},"author":1,"featured_media":5763,"parent":0,"menu_order":1,"comment_status":"closed","ping_status":"closed","template":"","meta":{"footnotes":""},"class_list":["post-5926","page","type-page","status-publish","has-post-thumbnail","hentry"],"yoast_head":"<!-- This site is optimized with the Yoast SEO plugin v27.3 - https:\/\/yoast.com\/product\/yoast-seo-wordpress\/ -->\n<title>MECOAM<\/title>\n<meta name=\"description\" content=\"MECOAM MEDIACIONES COMERCIALES AMBIENTALES S.L. ( MECOAM) pertenece en un 50% a la empresa FCC \u00e1mbito SA encargada en la gesti\u00f3n de residuos industriales\" \/>\n<meta name=\"robots\" content=\"index, follow, max-snippet:-1, max-image-preview:large, max-video-preview:-1\" \/>\n<link rel=\"canonical\" href=\"https:\/\/mecoam.com\/es\/atlas-gestio-mediambiental\/\" \/>\n<meta property=\"og:locale\" content=\"es_ES\" \/>\n<meta property=\"og:type\" content=\"article\" \/>\n<meta property=\"og:title\" content=\"MECOAM\" \/>\n<meta property=\"og:description\" content=\"MECOAM MEDIACIONES COMERCIALES AMBIENTALES S.L. ( MECOAM) pertenece en un 50% a la empresa FCC \u00e1mbito SA encargada en la gesti\u00f3n de residuos industriales\" \/>\n<meta property=\"og:url\" content=\"https:\/\/mecoam.com\/es\/atlas-gestio-mediambiental\/\" \/>\n<meta property=\"og:site_name\" content=\"MECOAM\" \/>\n<meta property=\"article:modified_time\" content=\"2024-01-16T13:18:19+00:00\" \/>\n<meta property=\"og:image\" content=\"https:\/\/mecoam.com\/wp-content\/uploads\/atlasgm-gestio-mediambiental-1024x680.jpg\" \/>\n\t<meta property=\"og:image:width\" content=\"1024\" \/>\n\t<meta property=\"og:image:height\" content=\"680\" \/>\n\t<meta property=\"og:image:type\" content=\"image\/jpeg\" \/>\n<meta name=\"twitter:card\" content=\"summary_large_image\" \/>\n<meta name=\"twitter:label1\" content=\"Tiempo de lectura\" \/>\n\t<meta name=\"twitter:data1\" content=\"1 minuto\" \/>\n<script type=\"application\/ld+json\" class=\"yoast-schema-graph\">{\"@context\":\"https:\\\/\\\/schema.org\",\"@graph\":[{\"@type\":\"WebPage\",\"@id\":\"https:\\\/\\\/mecoam.com\\\/es\\\/atlas-gestio-mediambiental\\\/\",\"url\":\"https:\\\/\\\/mecoam.com\\\/es\\\/atlas-gestio-mediambiental\\\/\",\"name\":\"MECOAM\",\"isPartOf\":{\"@id\":\"https:\\\/\\\/mecoam.com\\\/es\\\/#website\"},\"primaryImageOfPage\":{\"@id\":\"https:\\\/\\\/mecoam.com\\\/es\\\/atlas-gestio-mediambiental\\\/#primaryimage\"},\"image\":{\"@id\":\"https:\\\/\\\/mecoam.com\\\/es\\\/atlas-gestio-mediambiental\\\/#primaryimage\"},\"thumbnailUrl\":\"https:\\\/\\\/mecoam.com\\\/wp-content\\\/uploads\\\/atlasgm-gestio-mediambiental.jpg\",\"datePublished\":\"2020-07-11T07:51:11+00:00\",\"dateModified\":\"2024-01-16T13:18:19+00:00\",\"description\":\"MECOAM MEDIACIONES COMERCIALES AMBIENTALES S.L. ( MECOAM) pertenece en un 50% a la empresa FCC \u00e1mbito SA encargada en la gesti\u00f3n de residuos industriales\",\"inLanguage\":\"es\",\"potentialAction\":[{\"@type\":\"ReadAction\",\"target\":[\"https:\\\/\\\/mecoam.com\\\/es\\\/atlas-gestio-mediambiental\\\/\"]}]},{\"@type\":\"ImageObject\",\"inLanguage\":\"es\",\"@id\":\"https:\\\/\\\/mecoam.com\\\/es\\\/atlas-gestio-mediambiental\\\/#primaryimage\",\"url\":\"https:\\\/\\\/mecoam.com\\\/wp-content\\\/uploads\\\/atlasgm-gestio-mediambiental.jpg\",\"contentUrl\":\"https:\\\/\\\/mecoam.com\\\/wp-content\\\/uploads\\\/atlasgm-gestio-mediambiental.jpg\",\"width\":2560,\"height\":1700,\"caption\":\"DCIM100MEDIADJI_0315.JPG\"},{\"@type\":\"WebSite\",\"@id\":\"https:\\\/\\\/mecoam.com\\\/es\\\/#website\",\"url\":\"https:\\\/\\\/mecoam.com\\\/es\\\/\",\"name\":\"MECOAM\",\"description\":\"MEDIACIONES COMERCIALES AMBIENTALES\",\"publisher\":{\"@id\":\"https:\\\/\\\/mecoam.com\\\/es\\\/#organization\"},\"potentialAction\":[{\"@type\":\"SearchAction\",\"target\":{\"@type\":\"EntryPoint\",\"urlTemplate\":\"https:\\\/\\\/mecoam.com\\\/es\\\/?s={search_term_string}\"},\"query-input\":{\"@type\":\"PropertyValueSpecification\",\"valueRequired\":true,\"valueName\":\"search_term_string\"}}],\"inLanguage\":\"es\"},{\"@type\":\"Organization\",\"@id\":\"https:\\\/\\\/mecoam.com\\\/es\\\/#organization\",\"name\":\"MECOAM\",\"url\":\"https:\\\/\\\/mecoam.com\\\/es\\\/\",\"logo\":{\"@type\":\"ImageObject\",\"inLanguage\":\"es\",\"@id\":\"https:\\\/\\\/mecoam.com\\\/es\\\/#\\\/schema\\\/logo\\\/image\\\/\",\"url\":\"https:\\\/\\\/mecoam.com\\\/wp-content\\\/uploads\\\/2_Logo-MECOAM-CMYK-2-1-1.jpg\",\"contentUrl\":\"https:\\\/\\\/mecoam.com\\\/wp-content\\\/uploads\\\/2_Logo-MECOAM-CMYK-2-1-1.jpg\",\"width\":764,\"height\":124,\"caption\":\"MECOAM\"},\"image\":{\"@id\":\"https:\\\/\\\/mecoam.com\\\/es\\\/#\\\/schema\\\/logo\\\/image\\\/\"}}]}<\/script>\n<!-- \/ Yoast SEO plugin. -->","yoast_head_json":{"title":"MECOAM","description":"MECOAM MEDIACIONES COMERCIALES AMBIENTALES S.L. ( MECOAM) pertenece en un 50% a la empresa FCC \u00e1mbito SA encargada en la gesti\u00f3n de residuos industriales","robots":{"index":"index","follow":"follow","max-snippet":"max-snippet:-1","max-image-preview":"max-image-preview:large","max-video-preview":"max-video-preview:-1"},"canonical":"https:\/\/mecoam.com\/es\/atlas-gestio-mediambiental\/","og_locale":"es_ES","og_type":"article","og_title":"MECOAM","og_description":"MECOAM MEDIACIONES COMERCIALES AMBIENTALES S.L. ( MECOAM) pertenece en un 50% a la empresa FCC \u00e1mbito SA encargada en la gesti\u00f3n de residuos industriales","og_url":"https:\/\/mecoam.com\/es\/atlas-gestio-mediambiental\/","og_site_name":"MECOAM","article_modified_time":"2024-01-16T13:18:19+00:00","og_image":[{"width":1024,"height":680,"url":"https:\/\/mecoam.com\/wp-content\/uploads\/atlasgm-gestio-mediambiental-1024x680.jpg","type":"image\/jpeg"}],"twitter_card":"summary_large_image","twitter_misc":{"Tiempo de lectura":"1 minuto"},"schema":{"@context":"https:\/\/schema.org","@graph":[{"@type":"WebPage","@id":"https:\/\/mecoam.com\/es\/atlas-gestio-mediambiental\/","url":"https:\/\/mecoam.com\/es\/atlas-gestio-mediambiental\/","name":"MECOAM","isPartOf":{"@id":"https:\/\/mecoam.com\/es\/#website"},"primaryImageOfPage":{"@id":"https:\/\/mecoam.com\/es\/atlas-gestio-mediambiental\/#primaryimage"},"image":{"@id":"https:\/\/mecoam.com\/es\/atlas-gestio-mediambiental\/#primaryimage"},"thumbnailUrl":"https:\/\/mecoam.com\/wp-content\/uploads\/atlasgm-gestio-mediambiental.jpg","datePublished":"2020-07-11T07:51:11+00:00","dateModified":"2024-01-16T13:18:19+00:00","description":"MECOAM MEDIACIONES COMERCIALES AMBIENTALES S.L. ( MECOAM) pertenece en un 50% a la empresa FCC \u00e1mbito SA encargada en la gesti\u00f3n de residuos industriales","inLanguage":"es","potentialAction":[{"@type":"ReadAction","target":["https:\/\/mecoam.com\/es\/atlas-gestio-mediambiental\/"]}]},{"@type":"ImageObject","inLanguage":"es","@id":"https:\/\/mecoam.com\/es\/atlas-gestio-mediambiental\/#primaryimage","url":"https:\/\/mecoam.com\/wp-content\/uploads\/atlasgm-gestio-mediambiental.jpg","contentUrl":"https:\/\/mecoam.com\/wp-content\/uploads\/atlasgm-gestio-mediambiental.jpg","width":2560,"height":1700,"caption":"DCIM100MEDIADJI_0315.JPG"},{"@type":"WebSite","@id":"https:\/\/mecoam.com\/es\/#website","url":"https:\/\/mecoam.com\/es\/","name":"MECOAM","description":"MEDIACIONES COMERCIALES AMBIENTALES","publisher":{"@id":"https:\/\/mecoam.com\/es\/#organization"},"potentialAction":[{"@type":"SearchAction","target":{"@type":"EntryPoint","urlTemplate":"https:\/\/mecoam.com\/es\/?s={search_term_string}"},"query-input":{"@type":"PropertyValueSpecification","valueRequired":true,"valueName":"search_term_string"}}],"inLanguage":"es"},{"@type":"Organization","@id":"https:\/\/mecoam.com\/es\/#organization","name":"MECOAM","url":"https:\/\/mecoam.com\/es\/","logo":{"@type":"ImageObject","inLanguage":"es","@id":"https:\/\/mecoam.com\/es\/#\/schema\/logo\/image\/","url":"https:\/\/mecoam.com\/wp-content\/uploads\/2_Logo-MECOAM-CMYK-2-1-1.jpg","contentUrl":"https:\/\/mecoam.com\/wp-content\/uploads\/2_Logo-MECOAM-CMYK-2-1-1.jpg","width":764,"height":124,"caption":"MECOAM"},"image":{"@id":"https:\/\/mecoam.com\/es\/#\/schema\/logo\/image\/"}}]}},"_links":{"self":[{"href":"https:\/\/mecoam.com\/es\/wp-json\/wp\/v2\/pages\/5926","targetHints":{"allow":["GET"]}}],"collection":[{"href":"https:\/\/mecoam.com\/es\/wp-json\/wp\/v2\/pages"}],"about":[{"href":"https:\/\/mecoam.com\/es\/wp-json\/wp\/v2\/types\/page"}],"author":[{"embeddable":true,"href":"https:\/\/mecoam.com\/es\/wp-json\/wp\/v2\/users\/1"}],"replies":[{"embeddable":true,"href":"https:\/\/mecoam.com\/es\/wp-json\/wp\/v2\/comments?post=5926"}],"version-history":[{"count":13,"href":"https:\/\/mecoam.com\/es\/wp-json\/wp\/v2\/pages\/5926\/revisions"}],"predecessor-version":[{"id":9068,"href":"https:\/\/mecoam.com\/es\/wp-json\/wp\/v2\/pages\/5926\/revisions\/9068"}],"wp:featuredmedia":[{"embeddable":true,"href":"https:\/\/mecoam.com\/es\/wp-json\/wp\/v2\/media\/5763"}],"wp:attachment":[{"href":"https:\/\/mecoam.com\/es\/wp-json\/wp\/v2\/media?parent=5926"}],"curies":[{"name":"wp","href":"https:\/\/api.w.org\/{rel}","templated":true}]}}